{"id":144,"date":"2023-11-21T10:37:04","date_gmt":"2023-11-21T09:37:04","guid":{"rendered":"https:\/\/flelabs.com\/?page_id=144"},"modified":"2023-11-21T10:50:38","modified_gmt":"2023-11-21T09:50:38","slug":"tajekoztato","status":"publish","type":"page","link":"https:\/\/flelabs.com\/hu\/tajekoztato\/","title":{"rendered":"Forg\u00f3eszk\u00f6z finansz\u00edroz\u00e1shoz kapcsol\u00f3d\u00f3 t\u00e1j\u00e9koztat\u00f3"},"content":{"rendered":"<p>[et_pb_section fb_built=&#8221;1&#8243; theme_builder_area=&#8221;post_content&#8221; _builder_version=&#8221;4.12.1&#8243; _module_preset=&#8221;default&#8221;][et_pb_row _builder_version=&#8221;4.12.1&#8243; _module_preset=&#8221;default&#8221; column_structure=&#8221;1_2,1_2&#8243; theme_builder_area=&#8221;post_content&#8221;][et_pb_column _builder_version=&#8221;4.12.1&#8243; _module_preset=&#8221;default&#8221; type=&#8221;1_2&#8243; theme_builder_area=&#8221;post_content&#8221;][et_pb_text _builder_version=&#8221;4.12.1&#8243; _module_preset=&#8221;default&#8221; theme_builder_area=&#8221;post_content&#8221; hover_enabled=&#8221;0&#8243; sticky_enabled=&#8221;0&#8243;]<\/p>\n<h1>Forg\u00f3eszk\u00f6z finansz\u00edroz\u00e1shoz kapcsol\u00f3d\u00f3 t\u00e1j\u00e9koztat\u00f3<\/h1>\n<h3>GINOP-8.3.5-18\/B_3<\/h3>\n<p><strong>Az Ad\u00f3s neve:<\/strong> Fit Life Europe Kft.<\/p>\n<p><strong>A Forg\u00f3eszk\u00f6z finansz\u00edroz\u00e1s tartalm\u00e1nak r\u00f6vid bemutat\u00e1sa:<\/strong> Alapanyag beszerz\u00e9s \u00e9s b\u00e9rk\u00f6lts\u00e9g el\u0151finansz\u00edroz\u00e1sa<\/p>\n<p><strong>Hitelprogram azonos\u00edt\u00f3 jele:<\/strong> GINOP-8.3.5-18\/B_3<\/p>\n<p>[\/et_pb_text][\/et_pb_column][et_pb_column _builder_version=&#8221;4.12.1&#8243; _module_preset=&#8221;default&#8221; type=&#8221;1_2&#8243; theme_builder_area=&#8221;post_content&#8221;][et_pb_image _builder_version=&#8221;4.12.1&#8243; _module_preset=&#8221;default&#8221; theme_builder_area=&#8221;post_content&#8221; title_text=&#8221;infoblokk-esza&#8221; src=&#8221;https:\/\/flelabs.com\/wp-content\/uploads\/2023\/11\/infoblokk-esza.png&#8221; hover_enabled=&#8221;0&#8243; sticky_enabled=&#8221;0&#8243;][\/et_pb_image][\/et_pb_column][\/et_pb_row][\/et_pb_section]<\/p>\n","protected":false},"excerpt":{"rendered":"<p>Forg\u00f3eszk\u00f6z finansz\u00edroz\u00e1shoz kapcsol\u00f3d\u00f3 t\u00e1j\u00e9koztat\u00f3 GINOP-8.3.5-18\/B_3 Az Ad\u00f3s neve: Fit Life Europe Kft. A Forg\u00f3eszk\u00f6z finansz\u00edroz\u00e1s tartalm\u00e1nak r\u00f6vid bemutat\u00e1sa: Alapanyag beszerz\u00e9s \u00e9s b\u00e9rk\u00f6lts\u00e9g el\u0151finansz\u00edroz\u00e1sa Hitelprogram azonos\u00edt\u00f3 jele: GINOP-8.3.5-18\/B_3<\/p>\n","protected":false},"author":1,"featured_media":0,"parent":0,"menu_order":0,"comment_status":"closed","ping_status":"closed","template":"","meta":{"_et_pb_use_builder":"on","_et_pb_old_content":"","_et_gb_content_width":"","footnotes":""},"class_list":["post-144","page","type-page","status-publish","hentry"],"_links":{"self":[{"href":"https:\/\/flelabs.com\/hu\/wp-json\/wp\/v2\/pages\/144","targetHints":{"allow":["GET"]}}],"collection":[{"href":"https:\/\/flelabs.com\/hu\/wp-json\/wp\/v2\/pages"}],"about":[{"href":"https:\/\/flelabs.com\/hu\/wp-json\/wp\/v2\/types\/page"}],"author":[{"embeddable":true,"href":"https:\/\/flelabs.com\/hu\/wp-json\/wp\/v2\/users\/1"}],"replies":[{"embeddable":true,"href":"https:\/\/flelabs.com\/hu\/wp-json\/wp\/v2\/comments?post=144"}],"version-history":[{"count":0,"href":"https:\/\/flelabs.com\/hu\/wp-json\/wp\/v2\/pages\/144\/revisions"}],"wp:attachment":[{"href":"https:\/\/flelabs.com\/hu\/wp-json\/wp\/v2\/media?parent=144"}],"curies":[{"name":"wp","href":"https:\/\/api.w.org\/{rel}","templated":true}]}}